{"id":3,"date":"2021-12-21T04:57:09","date_gmt":"2021-12-21T04:57:09","guid":{"rendered":"http:\/\/drakaryz.com\/?page_id=3"},"modified":"2025-09-16T22:07:30","modified_gmt":"2025-09-17T04:07:30","slug":"politica-privacidad","status":"publish","type":"page","link":"https:\/\/drakaryz.com\/index.php\/politica-privacidad\/","title":{"rendered":"AVISO DE PRIVACIDAD SIMPLIFICADO PARA CONTACTO WEB"},"content":{"rendered":"\t\t<div data-elementor-type=\"wp-page\" data-elementor-id=\"3\" class=\"elementor elementor-3\">\n\t\t\t\t\t\t<section class=\"elementor-section elementor-top-section elementor-element elementor-element-52d8a0a7 elementor-section-boxed elementor-section-height-default elementor-section-height-default\" data-id=\"52d8a0a7\" data-element_type=\"section\" data-e-type=\"section\">\n\t\t\t\t\t\t<div class=\"elementor-container elementor-column-gap-default\">\n\t\t\t\t\t<div class=\"elementor-column elementor-col-100 elementor-top-column elementor-element elementor-element-46a6afed\" data-id=\"46a6afed\" data-element_type=\"column\" data-e-type=\"column\">\n\t\t\t<div class=\"elementor-widget-wrap elementor-element-populated\">\n\t\t\t\t\t\t<div class=\"elementor-element elementor-element-b89a8f4 elementor-button-info elementor-align-right elementor-widget elementor-widget-button\" data-id=\"b89a8f4\" data-element_type=\"widget\" data-e-type=\"widget\" data-widget_type=\"button.default\">\n\t\t\t\t<div class=\"elementor-widget-container\">\n\t\t\t\t\t\t\t\t\t<div class=\"elementor-button-wrapper\">\n\t\t\t\t\t<a class=\"elementor-button elementor-button-link elementor-size-sm\" href=\"https:\/\/drakaryz.com\/index.php\/aviso-de-privacidad-integral\/\">\n\t\t\t\t\t\t<span class=\"elementor-button-content-wrapper\">\n\t\t\t\t\t\t\t\t\t<span class=\"elementor-button-text\">ir al Aviso de Privacidad Integral<\/span>\n\t\t\t\t\t<\/span>\n\t\t\t\t\t<\/a>\n\t\t\t\t<\/div>\n\t\t\t\t\t\t\t\t<\/div>\n\t\t\t\t<\/div>\n\t\t\t\t<div class=\"elementor-element elementor-element-468d3e3e elementor-widget__width-initial elementor-widget elementor-widget-text-editor\" data-id=\"468d3e3e\" data-element_type=\"widget\" data-e-type=\"widget\" data-widget_type=\"text-editor.default\">\n\t\t\t\t<div class=\"elementor-widget-container\">\n\t\t\t\t\t\t\t\t\t<h3>&nbsp;<\/h3>\n<h3>AVISO DE PRIVACIDAD SIMPLIFICADO PARA CONTACTO WEB<\/h3>\n<div>&nbsp;<\/div>\n<div>&nbsp;<\/div>\n<p><\/p>\n<h5 style=\"font-style: normal;\">RESPONSABLE DE RESGUARDAR LA INFORMACI\u00d3N:<\/h5>\n<p><!-- \/wp:list --><!-- wp:paragraph --><\/p>\n<p>Drakaryz Log\u00edstica S. de R. L. de C.V., con domicilio en Calle Santa Ana 107-A, Parque Real de Loreto, en el municipio de Pesquer\u00eda, Nuevo Le\u00f3n, C.P. 66650; es responsable de recabar sus datos personales y del uso que se le da a los mismos, garantizando plenamente su protecci\u00f3n.<\/p>\n<p><\/p>\n<h5 style=\"font-style: normal;\">DE LA INFORMACI\u00d3N:<\/h5>\n<p><!-- \/wp:list --><!-- wp:paragraph --><\/p>\n<p>La informaci\u00f3n personal que recabamos consiste en nombre(s), apellido(s), n\u00famero telef\u00f3nico y correo electr\u00f3nico, los cuales son necesarios para ponernos en comunicaci\u00f3n con usted en respuesta a su solicitud de informaci\u00f3n en la secci\u00f3n de contacto de nuestro sitio web.<\/p>\n<p>Comunicamos a usted que la informaci\u00f3n personal que proporcione ser\u00e1 confidencial y \u00fanicamente ser\u00e1 utilizada para proveer los servicios que ha solicitado e informarle sobre cambios en los mismos. De manera adicional podremos utilizar sus datos personales con finalidades que no son necesarias para el servicio solicitado pero que nos permiten brindarle una mejor atenci\u00f3n, dichos datos podr\u00e1n ser utilizados para hacerle llegar informaci\u00f3n sobre nuevos servicios, ofrecer servicios de nuestra empresa as\u00ed como para fines publicitarios, de mercadotecnia o de prospecci\u00f3n comercial y asimismo podr\u00e1 ser utilizada para dar cumplimiento a ordenamientos de autoridades de \u00edndole administrativo y\/o judicial en supuestos debidamente justificados; para ofrecerle beneficios adicionales, descuentos, promociones, estudios de mercado, encuestas, as\u00ed como para la atenci\u00f3n de quejas e inconformidades.<\/p>\n<p>Tambi\u00e9n requerimos informaci\u00f3n de tipo personal con la finalidad de integrar los expedientes que nos permitan identificar y conocer a nuestros clientes, integrando datos y documentos que nos permitan llevar a cabo un eficaz cumplimiento en la prestaci\u00f3n de los servicios log\u00edsticos solicitados.<\/p>\n<p>Usted tiene derecho de acceder, rectificar y cancelar sus datos personales, as\u00ed como de oponerse al tratamiento de los mismos o revocar el consentimiento que para tal fin nos haya otorgado a trav\u00e9s de los procedimientos que hemos implementado para tal efecto.<\/p>\n<p>Para mayor referencia lo invitamos a ponerse en contacto con nosotros a trav\u00e9s del encargado de datos personales ya sea de forma telef\u00f3nica al n\u00famero (229)-502-6227, o al&nbsp;<span style=\"font-style: inherit; font-weight: inherit;\">correo electr\u00f3nico&nbsp;<\/span><a style=\"font-style: inherit; font-weight: inherit; background-color: #ffffff;\" href=\"mailto:encontactocon@drakaryz.com\">encontactocon@drakaryz.com<\/a><span style=\"font-style: inherit; font-weight: inherit;\"> o visitar nuestra p\u00e1gina de internet en la direcci\u00f3n electr\u00f3nica&nbsp;<\/span><a style=\"font-style: inherit; font-weight: inherit; background-color: #ffffff;\" href=\"https:\/\/drakaryz.com\/\">https:\/\/drakaryz.com\/<\/a><span style=\"font-style: inherit; font-weight: inherit;\"> o bien de forma personal en nuestras instalaciones.<\/span><\/p>\n<p>Se entender\u00e1 que usted, como titular consiente t\u00e1citamente el tratamiento de sus datos, cuando habi\u00e9ndose puesto a su disposici\u00f3n este aviso de privacidad no manifieste su oposici\u00f3n.<\/p>\n<p>Si usted no est\u00e1 de acuerdo con alguna de las finalidades aqu\u00ed descritas, por favor utilice el mecanismo descrito en el aviso integral, de lo contrario se entiende que nos otorga su consentimiento para el tratamiento de sus datos personales.<\/p>\n<p>Para mayor informaci\u00f3n acerca del tratamiento y de los derechos que puede hacer valer, usted puede acceder al aviso de privacidad integral, ingresando a nuestro sitio web en&nbsp;<a href=\"https:\/\/drakaryz.com\/\">https:\/\/drakaryz.com\/<\/a> en el apartado aviso de privacidad.<\/p>\n<p><\/p>\n<p><!-- \/wp:paragraph --><\/p>\t\t\t\t\t\t\t\t<\/div>\n\t\t\t\t<\/div>\n\t\t\t\t\t<\/div>\n\t\t<\/div>\n\t\t\t\t\t<\/div>\n\t\t<\/section>\n\t\t\t\t<section class=\"elementor-section elementor-top-section elementor-element elementor-element-a9da46a elementor-section-boxed elementor-section-height-default elementor-section-height-default\" data-id=\"a9da46a\" data-element_type=\"section\" data-e-type=\"section\">\n\t\t\t\t\t\t<div class=\"elementor-container elementor-column-gap-default\">\n\t\t\t\t\t<div class=\"elementor-column elementor-col-100 elementor-top-column elementor-element elementor-element-b9d62c3\" data-id=\"b9d62c3\" data-element_type=\"column\" data-e-type=\"column\">\n\t\t\t<div class=\"elementor-widget-wrap elementor-element-populated\">\n\t\t\t\t\t\t<div class=\"elementor-element elementor-element-cdb76d1 elementor-button-info elementor-align-right elementor-widget elementor-widget-button\" data-id=\"cdb76d1\" data-element_type=\"widget\" data-e-type=\"widget\" data-widget_type=\"button.default\">\n\t\t\t\t<div class=\"elementor-widget-container\">\n\t\t\t\t\t\t\t\t\t<div class=\"elementor-button-wrapper\">\n\t\t\t\t\t<a class=\"elementor-button elementor-button-link elementor-size-sm\" href=\"http:\/\/drakaryz.com\/wp-content\/uploads\/2025\/07\/Aviso-de-Privacidad-Simplificado-DKZ.pdf\">\n\t\t\t\t\t\t<span class=\"elementor-button-content-wrapper\">\n\t\t\t\t\t\t\t\t\t<span class=\"elementor-button-text\">Descargar PDF<\/span>\n\t\t\t\t\t<\/span>\n\t\t\t\t\t<\/a>\n\t\t\t\t<\/div>\n\t\t\t\t\t\t\t\t<\/div>\n\t\t\t\t<\/div>\n\t\t\t\t\t<\/div>\n\t\t<\/div>\n\t\t\t\t\t<\/div>\n\t\t<\/section>\n\t\t\t\t<section class=\"elementor-section elementor-top-section elementor-element elementor-element-4e037b4 elementor-section-boxed elementor-section-height-default elementor-section-height-default\" data-id=\"4e037b4\" data-element_type=\"section\" data-e-type=\"section\">\n\t\t\t\t\t\t<div class=\"elementor-container elementor-column-gap-default\">\n\t\t\t\t\t<div class=\"elementor-column elementor-col-100 elementor-top-column elementor-element elementor-element-3e759cd\" data-id=\"3e759cd\" data-element_type=\"column\" data-e-type=\"column\">\n\t\t\t<div class=\"elementor-widget-wrap\">\n\t\t\t\t\t\t\t<\/div>\n\t\t<\/div>\n\t\t\t\t\t<\/div>\n\t\t<\/section>\n\t\t\t\t<\/div>\n\t\t","protected":false},"excerpt":{"rendered":"<p>\\n AVISO DE PRIVACIDAD SIMPLIFICADO PARA CONTACTO WEB \\n \\n \\n \\n \\n ir al Aviso de Privacidad Integral\\n AVISO DE PRIVACIDAD SIMPLIFICADO PARA CONTACTO WEB \\n RESPONSABLE DE RESGUARDAR LA INFORMACI\u00d3N: \\n Drakaryz Log\u00edstica S. de R. L. de C.V., con domicilio en Calle Santa Ana 107-A, Parque Real de Loreto, en el municipio [&hellip;]<\/p>\n","protected":false},"author":1,"featured_media":0,"parent":0,"menu_order":0,"comment_status":"closed","ping_status":"open","template":"","meta":{"om_disable_all_campaigns":false,"_monsterinsights_skip_tracking":false,"_monsterinsights_sitenote_active":false,"_monsterinsights_sitenote_note":"","_monsterinsights_sitenote_category":0,"site-sidebar-layout":"default","site-content-layout":"","ast-site-content-layout":"default","site-content-style":"default","site-sidebar-style":"default","ast-global-header-display":"","ast-banner-title-visibility":"","ast-main-header-display":"","ast-hfb-above-header-display":"","ast-hfb-below-header-display":"","ast-hfb-mobile-header-display":"","site-post-title":"disabled","ast-breadcrumbs-content":"","ast-featured-img":"","footer-sml-layout":"","ast-disable-related-posts":"","theme-transparent-header-meta":"","adv-header-id-meta":"","stick-header-meta":"","header-above-stick-meta":"","header-main-stick-meta":"","header-below-stick-meta":"","astra-migrate-meta-layouts":"set","ast-page-background-enabled":"default","ast-page-background-meta":{"desktop":{"background-color":"","background-image":"","background-repeat":"repeat","background-position":"center center","background-size":"auto","background-attachment":"scroll","background-type":"","background-media":"","overlay-type":"","overlay-color":"","overlay-opacity":"","overlay-gradient":""},"tablet":{"background-color":"","background-image":"","background-repeat":"repeat","background-position":"center center","background-size":"auto","background-attachment":"scroll","background-type":"","background-media":"","overlay-type":"","overlay-color":"","overlay-opacity":"","overlay-gradient":""},"mobile":{"background-color":"","background-image":"","background-repeat":"repeat","background-position":"center center","background-size":"auto","background-attachment":"scroll","background-type":"","background-media":"","overlay-type":"","overlay-color":"","overlay-opacity":"","overlay-gradient":""}},"ast-content-background-meta":{"desktop":{"background-color":"var(--ast-global-color-5)","background-image":"","background-repeat":"repeat","background-position":"center center","background-size":"auto","background-attachment":"scroll","background-type":"","background-media":"","overlay-type":"","overlay-color":"","overlay-opacity":"","overlay-gradient":""},"tablet":{"background-color":"var(--ast-global-color-5)","background-image":"","background-repeat":"repeat","background-position":"center center","background-size":"auto","background-attachment":"scroll","background-type":"","background-media":"","overlay-type":"","overlay-color":"","overlay-opacity":"","overlay-gradient":""},"mobile":{"background-color":"var(--ast-global-color-5)","background-image":"","background-repeat":"repeat","background-position":"center center","background-size":"auto","background-attachment":"scroll","background-type":"","background-media":"","overlay-type":"","overlay-color":"","overlay-opacity":"","overlay-gradient":""}},"footnotes":""},"class_list":["post-3","page","type-page","status-publish","hentry"],"aioseo_notices":[],"_links":{"self":[{"href":"https:\/\/drakaryz.com\/index.php\/wp-json\/wp\/v2\/pages\/3","targetHints":{"allow":["GET"]}}],"collection":[{"href":"https:\/\/drakaryz.com\/index.php\/wp-json\/wp\/v2\/pages"}],"about":[{"href":"https:\/\/drakaryz.com\/index.php\/wp-json\/wp\/v2\/types\/page"}],"author":[{"embeddable":true,"href":"https:\/\/drakaryz.com\/index.php\/wp-json\/wp\/v2\/users\/1"}],"replies":[{"embeddable":true,"href":"https:\/\/drakaryz.com\/index.php\/wp-json\/wp\/v2\/comments?post=3"}],"version-history":[{"count":45,"href":"https:\/\/drakaryz.com\/index.php\/wp-json\/wp\/v2\/pages\/3\/revisions"}],"predecessor-version":[{"id":786,"href":"https:\/\/drakaryz.com\/index.php\/wp-json\/wp\/v2\/pages\/3\/revisions\/786"}],"wp:attachment":[{"href":"https:\/\/drakaryz.com\/index.php\/wp-json\/wp\/v2\/media?parent=3"}],"curies":[{"name":"wp","href":"https:\/\/api.w.org\/{rel}","templated":true}]}}