{"id":384,"date":"2020-03-23T08:36:03","date_gmt":"2020-03-23T08:36:03","guid":{"rendered":"https:\/\/drakaryz.com\/index.php\/home\/"},"modified":"2025-09-16T21:55:33","modified_gmt":"2025-09-17T03:55:33","slug":"home","status":"publish","type":"page","link":"https:\/\/drakaryz.com\/","title":{"rendered":"Home"},"content":{"rendered":"<section style=\"text-align:center; padding: 40px 0; background: var(--ast-global-color-5);\">\n<h4 style=\"color:#01578c; margin-bottom:10px;\">La mejor opci\u00f3n para tu negocio<\/h4>\n<h1 style=\"font-size:2.5em; color:#222; margin-bottom:30px;\">Una log\u00edstica hecha a tu medida<\/h1>\n<div style=\"display:flex; flex-wrap:wrap; justify-content:center; gap:20px; margin-bottom:40px;\">\n    <img decoding=\"async\" src=\"http:\/\/drakaryz.com\/wp-content\/uploads\/2021\/12\/semi-trailer-truck-road-534577.jpg\" alt=\"Cami\u00f3n log\u00edstico\" style=\"max-width:450px; width:100%; border-radius:18px; box-shadow:0 8px 32px rgba(1,87,140,0.15);\"><br \/>\n    <img decoding=\"async\" src=\"http:\/\/drakaryz.com\/wp-content\/uploads\/2021\/12\/WP_20160323_002-scaled.jpg\" alt=\"Log\u00edstica en acci\u00f3n\" style=\"max-width:450px; width:100%; border-radius:18px; box-shadow:0 8px 32px rgba(1,87,140,0.15);\">\n  <\/div>\n<\/section>\n<section style=\"max-width:900px; margin: 0 auto; padding: 40px 20px 0 20px;\">\n<h2 style=\"color:#01578c; margin-bottom:12px;\">Contamos con una gran experiencia en log\u00edstica<\/h2>\n<p style=\"font-size:1.1em; color:#333;\">Todos nuestros socios cuentan con una gran experiencia en log\u00edstica, tanto terrestre (carretera y ferroviaria), como mar\u00edtima y a\u00e9rea.<\/p>\n<p style=\"font-size:1.1em; color:#333;\">Adem\u00e1s, tenemos expertos en sistemas, ingenier\u00eda qu\u00edmica, producci\u00f3n, ingenier\u00eda petroqu\u00edmica, etc., lo que nos permite adaptarnos a sus necesidades espec\u00edficas.<\/p>\n<p>  <a href=\"#\" style=\"display:inline-block; margin:28px 0 0 0; background:#01578c; color:#fff; padding:12px 30px; border-radius:25px; text-decoration:none; font-weight:600; box-shadow:0 2px 12px rgba(1,87,140,0.10);\">Conozca m\u00e1s<\/a><br \/>\n<\/section>\n<section style=\"background:linear-gradient(90deg, #01578c 0%, #27c3cf 100%); color:#fff; padding: 50px 0; margin: 60px 0 0 0; text-align:center;\">\n<h3 style=\"margin-bottom:10px;\">Ll\u00e1menos para una mejor atenci\u00f3n<\/h3>\n<p style=\"font-size:1.1em;\">Recuerde que la log\u00edstica es la primera l\u00ednea de atenci\u00f3n a su clientela.<\/p>\n<p>  <a href=\"tel:8129200036\" style=\"display:inline-block; margin:18px 0 0 0; background:#fff; color:#01578c; padding:12px 30px; border-radius:25px; text-decoration:none; font-weight:700; font-size:1.15em;\">812 920 0036<\/a><br \/>\n<\/section>\n<section style=\"max-width:900px; margin: 0 auto; padding: 40px 20px 0 20px;\">\n<h2 style=\"color:#01578c; margin-bottom:12px;\">Honradez y eficiencia nos distinguen<\/h2>\n<p style=\"font-size:1.1em; color:#333;\">Somos una empresa 100% mexicana especializada en dise\u00f1ar e implementar soluciones log\u00edsticas de transporte y mantenimiento ferroviario, transporte terrestre de carga general, almacenamiento y manejo de sustancias peligrosas, as\u00ed como la disposici\u00f3n de residuos peligrosos.<\/p>\n<p>  <a href=\"#home\" style=\"display:inline-block; margin:28px 0 0 0; background:#01578c; color:#fff; padding:12px 30px; border-radius:25px; text-decoration:none; font-weight:600; box-shadow:0 2px 12px rgba(1,87,140,0.10);\">Ir a Inicio<\/a><br \/>\n<\/section>\n<section style=\"max-width:900px; margin: 40px auto 0 auto; padding: 0 20px 40px 20px; text-align:center;\">\n<h2 style=\"color:#01578c; margin-bottom:18px;\">Ubicaci\u00f3n<\/h2>\n<p>  <iframe src=\"https:\/\/maps.google.com\/maps?q=25.769600%2C-100.034721&#038;t=m&#038;z=16&#038;output=embed&#038;iwloc=near\" title=\"Ubicaci\u00f3n Drakaryz\" aria-label=\"Ubicaci\u00f3n Drakaryz\" style=\"width:100%; height:350px; border-radius:18px; border:none; box-shadow:0 4px 18px rgba(1,87,140,0.10);\"><\/iframe><br \/>\n<\/section>\n","protected":false},"excerpt":{"rendered":"<p>La mejor opci\u00f3n para tu negocio Una log\u00edstica hecha a tu medida Contamos con una gran experiencia en log\u00edstica Todos nuestros socios cuentan con una gran experiencia en log\u00edstica, tanto terrestre (carretera y ferroviaria), como mar\u00edtima y a\u00e9rea. Adem\u00e1s, tenemos expertos en sistemas, ingenier\u00eda qu\u00edmica, producci\u00f3n, ingenier\u00eda petroqu\u00edmica, etc., lo que nos permite adaptarnos a [&hellip;]<\/p>\n","protected":false},"author":1,"featured_media":0,"parent":0,"menu_order":0,"comment_status":"closed","ping_status":"closed","template":"","meta":{"om_disable_all_campaigns":false,"_monsterinsights_skip_tracking":false,"_monsterinsights_sitenote_active":false,"_monsterinsights_sitenote_note":"","_monsterinsights_sitenote_category":0,"site-sidebar-layout":"no-sidebar","site-content-layout":"page-builder","ast-site-content-layout":"full-width-container","site-content-style":"unboxed","site-sidebar-style":"unboxed","ast-global-header-display":"","ast-banner-title-visibility":"","ast-main-header-display":"","ast-hfb-above-header-display":"","ast-hfb-below-header-display":"","ast-hfb-mobile-header-display":"","site-post-title":"disabled","ast-breadcrumbs-content":"disabled","ast-featured-img":"disabled","footer-sml-layout":"","ast-disable-related-posts":"","theme-transparent-header-meta":"default","adv-header-id-meta":"","stick-header-meta":"","header-above-stick-meta":"","header-main-stick-meta":"","header-below-stick-meta":"","astra-migrate-meta-layouts":"set","ast-page-background-enabled":"default","ast-page-background-meta":{"desktop":{"background-color":"","background-image":"","background-repeat":"repeat","background-position":"center center","background-size":"auto","background-attachment":"scroll","background-type":"","background-media":"","overlay-type":"","overlay-color":"","overlay-opacity":"","overlay-gradient":""},"tablet":{"background-color":"","background-image":"","background-repeat":"repeat","background-position":"center center","background-size":"auto","background-attachment":"scroll","background-type":"","background-media":"","overlay-type":"","overlay-color":"","overlay-opacity":"","overlay-gradient":""},"mobile":{"background-color":"","background-image":"","background-repeat":"repeat","background-position":"center center","background-size":"auto","background-attachment":"scroll","background-type":"","background-media":"","overlay-type":"","overlay-color":"","overlay-opacity":"","overlay-gradient":""}},"ast-content-background-meta":{"desktop":{"background-color":"var(--ast-global-color-5)","background-image":"","background-repeat":"repeat","background-position":"center center","background-size":"auto","background-attachment":"scroll","background-type":"","background-media":"","overlay-type":"","overlay-color":"","overlay-opacity":"","overlay-gradient":""},"tablet":{"background-color":"var(--ast-global-color-5)","background-image":"","background-repeat":"repeat","background-position":"center center","background-size":"auto","background-attachment":"scroll","background-type":"","background-media":"","overlay-type":"","overlay-color":"","overlay-opacity":"","overlay-gradient":""},"mobile":{"background-color":"var(--ast-global-color-5)","background-image":"","background-repeat":"repeat","background-position":"center center","background-size":"auto","background-attachment":"scroll","background-type":"","background-media":"","overlay-type":"","overlay-color":"","overlay-opacity":"","overlay-gradient":""}},"footnotes":""},"class_list":["post-384","page","type-page","status-publish","hentry"],"aioseo_notices":[],"_links":{"self":[{"href":"https:\/\/drakaryz.com\/index.php\/wp-json\/wp\/v2\/pages\/384","targetHints":{"allow":["GET"]}}],"collection":[{"href":"https:\/\/drakaryz.com\/index.php\/wp-json\/wp\/v2\/pages"}],"about":[{"href":"https:\/\/drakaryz.com\/index.php\/wp-json\/wp\/v2\/types\/page"}],"author":[{"embeddable":true,"href":"https:\/\/drakaryz.com\/index.php\/wp-json\/wp\/v2\/users\/1"}],"replies":[{"embeddable":true,"href":"https:\/\/drakaryz.com\/index.php\/wp-json\/wp\/v2\/comments?post=384"}],"version-history":[{"count":45,"href":"https:\/\/drakaryz.com\/index.php\/wp-json\/wp\/v2\/pages\/384\/revisions"}],"predecessor-version":[{"id":779,"href":"https:\/\/drakaryz.com\/index.php\/wp-json\/wp\/v2\/pages\/384\/revisions\/779"}],"wp:attachment":[{"href":"https:\/\/drakaryz.com\/index.php\/wp-json\/wp\/v2\/media?parent=384"}],"curies":[{"name":"wp","href":"https:\/\/api.w.org\/{rel}","templated":true}]}}