{"id":585,"date":"2021-12-27T07:28:53","date_gmt":"2021-12-27T07:28:53","guid":{"rendered":"https:\/\/drakaryz.com\/?page_id=585"},"modified":"2025-09-16T22:01:58","modified_gmt":"2025-09-17T04:01:58","slug":"acerca-de","status":"publish","type":"page","link":"https:\/\/drakaryz.com\/index.php\/home\/acerca-de\/","title":{"rendered":""},"content":{"rendered":"\t\t<div data-elementor-type=\"wp-page\" data-elementor-id=\"585\" class=\"elementor elementor-585\">\n\t\t\t\t\t\t<section class=\"elementor-section elementor-top-section elementor-element elementor-element-77759ca1 elementor-section-boxed elementor-section-height-default elementor-section-height-default\" data-id=\"77759ca1\" data-element_type=\"section\" data-e-type=\"section\">\n\t\t\t\t\t\t<div class=\"elementor-container elementor-column-gap-default\">\n\t\t\t\t\t<div class=\"elementor-column elementor-col-100 elementor-top-column elementor-element elementor-element-3fa757cf\" data-id=\"3fa757cf\" data-element_type=\"column\" data-e-type=\"column\">\n\t\t\t<div class=\"elementor-widget-wrap elementor-element-populated\">\n\t\t\t\t\t\t<div class=\"elementor-element elementor-element-27d4fcff elementor-widget elementor-widget-text-editor\" data-id=\"27d4fcff\" data-element_type=\"widget\" data-e-type=\"widget\" data-widget_type=\"text-editor.default\">\n\t\t\t\t<div class=\"elementor-widget-container\">\n\t\t\t\t\t\t\t\t\t<section style=\"text-align: center; padding: 40px 0; background: var(--ast-global-color-5);\">\n<h1 style=\"font-size: 2.2em; color: #01578c; margin-bottom: 30px;\">Acerca de<\/h1>\n<p><img decoding=\"async\" style=\"max-width: 480px; width: 100%; border-radius: 18px; box-shadow: 0 8px 32px rgba(1,87,140,0.15); margin-bottom: 35px;\" src=\"http:\/\/drakaryz.com\/wp-content\/uploads\/2021\/12\/IMG_20210206_114541013_HDR-1024x766.jpg\" alt=\"Imagen Carro Tanque\" \/><\/p>\n<\/section>\n<section style=\"max-width: 700px; margin: 0 auto; padding: 40px 20px 0 20px;\">\n<h2 style=\"color: #01578c; margin-bottom: 12px;\">MISI\u00d3N<\/h2>\n<blockquote style=\"font-size: 1.15em; color: #222; border-left: 5px solid #27c3cf; margin: 0 0 32px 0; padding: 12px 24px; background: #f6f9f9; border-radius: 12px;\">\n<p>Proporcionar soluciones eficientes para satisfacer las necesidades log\u00edsticas de nuestros clientes de manera confiable, segura y con calidad.<\/p>\n<\/blockquote>\n<h2 style=\"color: #01578c; margin-bottom: 12px;\">VISI\u00d3N<\/h2>\n<blockquote style=\"font-size: 1.15em; color: #222; border-left: 5px solid #27c3cf; margin: 0 0 32px 0; padding: 12px 24px; background: #f6f9f9; border-radius: 12px;\">\n<p>Consolidarnos como la mejor opci\u00f3n de alianza estrat\u00e9gica para las operaciones log\u00edsticas en M\u00e9xico.<\/p>\n<\/blockquote>\n<h2 style=\"color: #01578c; margin-bottom: 12px;\">VALORES<\/h2>\n<blockquote style=\"font-size: 1.15em; color: #222; border-left: 5px solid #27c3cf; margin: 0 0 32px 0; padding: 12px 24px; background: #f6f9f9; border-radius: 12px;\">\n<p>\u25cf Honestidad<br \/>\u25cf Calidad<br \/>\u25cf Competitividad<br \/>\u25cf Trabajo en equipo<br \/>\u25cf Orientaci\u00f3n al cliente<\/p>\n<\/blockquote>\n<\/section>\n\n<p>\u00a0<\/p>\n\t\t\t\t\t\t\t\t<\/div>\n\t\t\t\t<\/div>\n\t\t\t\t\t<\/div>\n\t\t<\/div>\n\t\t\t\t\t<\/div>\n\t\t<\/section>\n\t\t\t\t<\/div>\n\t\t","protected":false},"excerpt":{"rendered":"<p>Acerca de MISI\u00d3N Proporcionar soluciones eficientes para satisfacer las necesidades log\u00edsticas de nuestros clientes de manera confiable, segura y con calidad. VISI\u00d3N Consolidarnos como la mejor opci\u00f3n de alianza estrat\u00e9gica para las operaciones log\u00edsticas en M\u00e9xico. VALORES \u25cf Honestidad\u25cf Calidad\u25cf Competitividad\u25cf Trabajo en equipo\u25cf Orientaci\u00f3n al cliente \u00a0<\/p>\n","protected":false},"author":1,"featured_media":0,"parent":384,"menu_order":0,"comment_status":"closed","ping_status":"closed","template":"","meta":{"om_disable_all_campaigns":false,"_monsterinsights_skip_tracking":false,"_monsterinsights_sitenote_active":false,"_monsterinsights_sitenote_note":"","_monsterinsights_sitenote_category":0,"site-sidebar-layout":"default","site-content-layout":"","ast-site-content-layout":"default","site-content-style":"default","site-sidebar-style":"default","ast-global-header-display":"","ast-banner-title-visibility":"","ast-main-header-display":"","ast-hfb-above-header-display":"","ast-hfb-below-header-display":"","ast-hfb-mobile-header-display":"","site-post-title":"","ast-breadcrumbs-content":"","ast-featured-img":"","footer-sml-layout":"","ast-disable-related-posts":"","theme-transparent-header-meta":"","adv-header-id-meta":"","stick-header-meta":"","header-above-stick-meta":"","header-main-stick-meta":"","header-below-stick-meta":"","astra-migrate-meta-layouts":"set","ast-page-background-enabled":"default","ast-page-background-meta":{"desktop":{"background-color":"","background-image":"","background-repeat":"repeat","background-position":"center center","background-size":"auto","background-attachment":"scroll","background-type":"","background-media":"","overlay-type":"","overlay-color":"","overlay-opacity":"","overlay-gradient":""},"tablet":{"background-color":"","background-image":"","background-repeat":"repeat","background-position":"center center","background-size":"auto","background-attachment":"scroll","background-type":"","background-media":"","overlay-type":"","overlay-color":"","overlay-opacity":"","overlay-gradient":""},"mobile":{"background-color":"","background-image":"","background-repeat":"repeat","background-position":"center center","background-size":"auto","background-attachment":"scroll","background-type":"","background-media":"","overlay-type":"","overlay-color":"","overlay-opacity":"","overlay-gradient":""}},"ast-content-background-meta":{"desktop":{"background-color":"var(--ast-global-color-5)","background-image":"","background-repeat":"repeat","background-position":"center center","background-size":"auto","background-attachment":"scroll","background-type":"","background-media":"","overlay-type":"","overlay-color":"","overlay-opacity":"","overlay-gradient":""},"tablet":{"background-color":"var(--ast-global-color-5)","background-image":"","background-repeat":"repeat","background-position":"center center","background-size":"auto","background-attachment":"scroll","background-type":"","background-media":"","overlay-type":"","overlay-color":"","overlay-opacity":"","overlay-gradient":""},"mobile":{"background-color":"var(--ast-global-color-5)","background-image":"","background-repeat":"repeat","background-position":"center center","background-size":"auto","background-attachment":"scroll","background-type":"","background-media":"","overlay-type":"","overlay-color":"","overlay-opacity":"","overlay-gradient":""}},"footnotes":""},"class_list":["post-585","page","type-page","status-publish","hentry"],"aioseo_notices":[],"_links":{"self":[{"href":"https:\/\/drakaryz.com\/index.php\/wp-json\/wp\/v2\/pages\/585","targetHints":{"allow":["GET"]}}],"collection":[{"href":"https:\/\/drakaryz.com\/index.php\/wp-json\/wp\/v2\/pages"}],"about":[{"href":"https:\/\/drakaryz.com\/index.php\/wp-json\/wp\/v2\/types\/page"}],"author":[{"embeddable":true,"href":"https:\/\/drakaryz.com\/index.php\/wp-json\/wp\/v2\/users\/1"}],"replies":[{"embeddable":true,"href":"https:\/\/drakaryz.com\/index.php\/wp-json\/wp\/v2\/comments?post=585"}],"version-history":[{"count":8,"href":"https:\/\/drakaryz.com\/index.php\/wp-json\/wp\/v2\/pages\/585\/revisions"}],"predecessor-version":[{"id":785,"href":"https:\/\/drakaryz.com\/index.php\/wp-json\/wp\/v2\/pages\/585\/revisions\/785"}],"up":[{"embeddable":true,"href":"https:\/\/drakaryz.com\/index.php\/wp-json\/wp\/v2\/pages\/384"}],"wp:attachment":[{"href":"https:\/\/drakaryz.com\/index.php\/wp-json\/wp\/v2\/media?parent=585"}],"curies":[{"name":"wp","href":"https:\/\/api.w.org\/{rel}","templated":true}]}}