{"id":706,"date":"2025-07-17T01:03:44","date_gmt":"2025-07-17T07:03:44","guid":{"rendered":"https:\/\/drakaryz.com\/?page_id=706"},"modified":"2025-09-16T22:07:29","modified_gmt":"2025-09-17T04:07:29","slug":"aviso-de-privacidad-integral","status":"publish","type":"page","link":"https:\/\/drakaryz.com\/index.php\/aviso-de-privacidad-integral\/","title":{"rendered":"AVISO DE PRIVACIDAD INTEGRAL"},"content":{"rendered":"\t\t<div data-elementor-type=\"wp-page\" data-elementor-id=\"706\" class=\"elementor elementor-706\">\n\t\t\t\t\t\t<section class=\"elementor-section elementor-top-section elementor-element elementor-element-79145c6 elementor-section-boxed elementor-section-height-default elementor-section-height-default\" data-id=\"79145c6\" data-element_type=\"section\" data-e-type=\"section\">\n\t\t\t\t\t\t<div class=\"elementor-container elementor-column-gap-default\">\n\t\t\t\t\t<div class=\"elementor-column elementor-col-100 elementor-top-column elementor-element elementor-element-4fe18e6\" data-id=\"4fe18e6\" data-element_type=\"column\" data-e-type=\"column\">\n\t\t\t<div class=\"elementor-widget-wrap elementor-element-populated\">\n\t\t\t\t\t\t<div class=\"elementor-element elementor-element-940906d elementor-widget elementor-widget-text-editor\" data-id=\"940906d\" data-element_type=\"widget\" data-e-type=\"widget\" data-widget_type=\"text-editor.default\">\n\t\t\t\t<div class=\"elementor-widget-container\">\n\t\t\t\t\t\t\t\t\t<h2>AVISO DE PRIVACIDAD INTEGRAL<\/h2>\n<div>\u00a0<\/div>\n<div>\n<div>Drakaryz Log\u00edstica S. de R. L. de C.V., con domicilio en Calle Santa Ana 107-A, Parque Real de Loreto, en el municipio de Pesquer\u00eda, Nuevo Le\u00f3n, C.P. 66650, es el responsable del uso y protecci\u00f3n de sus datos personales, y al respecto le informamos lo siguiente:<\/div>\n<div>\u00a0<\/div>\n<h5>\u00bfPara qu\u00e9 fines utilizaremos sus datos personales?<\/h5>\n<div>Los datos personales que recabamos de usted, los utilizaremos para las siguientes finalidades que son necesarias para el servicio que solicita:\u00a0<\/div>\n<div>\u00a0<\/div>\n<ul>\n<li><strong><em>Ponernos en contacto con usted para ofrecerle un servicio a la medida de sus necesidades y cumplir as\u00ed con sus expectativas.<\/em><\/strong><\/li>\n<li><strong><em>Dar a nuestros clientes la mejor atenci\u00f3n en la ejecuci\u00f3n de los servicios que ofrecemos de manera administrativa, operativa y financiera.<\/em><\/strong><\/li>\n<li><strong><em>Validar la confiabilidad de nuestros proveedores y aliados comerciales para garantizar a nuestros clientes la confiabilidad de nuestros servicios log\u00edsticos.<\/em><\/strong><\/li>\n<li><strong><em>Reclutamiento, selecci\u00f3n y contrataci\u00f3n de personal id\u00f3neo para cubrir nuestras vacantes.<\/em><\/strong><\/li>\n<\/ul>\n<div>\u00a0<\/div>\n<div>De manera adicional, utilizaremos su informaci\u00f3n personal para las siguientes finalidades que <strong>no son necesarias<\/strong> para el servicio solicitado, pero que nos permiten y facilitan brindarle una mejor atenci\u00f3n:<\/div>\n<div>\u00a0<\/div>\n<ul>\n<li><strong><em>Ofrecer a nuestros clientes y clientes potenciales otros servicios diferentes a los que fueron solicitados inicialmente y que podr\u00edan ser de su inter\u00e9s.<\/em><\/strong><\/li>\n<li><strong><em>Para fines publicitarios, de mercadot\u00e9cnica y prospecci\u00f3n comercial.<\/em><\/strong><\/li>\n<\/ul>\n<div>\u00a0<\/div>\n<div>En caso de que no desee que sus datos personales sean tratados para estos fines adicionales, desde este momento usted nos puede comunicar lo anterior <strong>v\u00eda correo electr\u00f3nico a encontactocon@drakaryz.com manifestando: <em>\u201cNo consiento que mis datos personales se utilicen para estos fines\u2026\u201d.<\/em><\/strong> Nos pondremos en contacto con usted para validar su solicitud y llevarla a cabo. La negativa para el uso de sus datos personales para estas finalidades no podr\u00e1 ser un motivo para que le neguemos los servicios y productos que solicita o contrata con nosotros.<\/div>\n<div>\u00a0<\/div>\n<h5><strong>\u00bfQu\u00e9 datos personales utilizaremos para estos fines?<\/strong><\/h5>\n<div>Para llevar a cabo las finalidades descritas en el presente aviso de privacidad, utilizaremos los siguientes datos personales: <strong>datos de contacto, datos de identificaci\u00f3n, datos financieros, datos acad\u00e9micos, datos laborales y datos biom\u00e9tricos.<\/strong><\/div>\n<div>Adem\u00e1s de los datos personales mencionados anteriormente, para las finalidades informadas en el presente aviso de privacidad utilizaremos los siguientes datos personales considerados como sensibles, que requieren de especial protecci\u00f3n: <strong>datos ideol\u00f3gicos, datos de salud, datos sobre afiliaci\u00f3n sindical y datos de origen \u00e9tnico o racial.<\/strong><\/div>\n<div>\u00a0<\/div>\n<h5><strong>\u00bfCon qui\u00e9n compartimos su informaci\u00f3n personal y para qu\u00e9 fines? <\/strong><\/h5>\n<div>Le informamos que sus datos personales son compartidos dentro y fuera del pa\u00eds con las siguientes personas, empresas, organizaciones y autoridades distintas a nosotros, para los siguientes fines:<\/div>\n<\/div>\n<p><!-- \/wp:paragraph --><\/p>\t\t\t\t\t\t\t\t<\/div>\n\t\t\t\t<\/div>\n\t\t\t\t\t<\/div>\n\t\t<\/div>\n\t\t\t\t\t<\/div>\n\t\t<\/section>\n\t\t\t\t<section class=\"elementor-section elementor-top-section elementor-element elementor-element-2593968 elementor-section-boxed elementor-section-height-default elementor-section-height-default\" data-id=\"2593968\" data-element_type=\"section\" data-e-type=\"section\">\n\t\t\t\t\t\t<div class=\"elementor-container elementor-column-gap-default\">\n\t\t\t\t\t<div class=\"elementor-column elementor-col-100 elementor-top-column elementor-element elementor-element-2bfe339\" data-id=\"2bfe339\" data-element_type=\"column\" data-e-type=\"column\">\n\t\t\t<div class=\"elementor-widget-wrap elementor-element-populated\">\n\t\t\t\t\t\t\t<\/div>\n\t\t<\/div>\n\t\t\t\t\t<\/div>\n\t\t<\/section>\n\t\t\t\t<section class=\"elementor-section elementor-top-section elementor-element elementor-element-bf55015 elementor-section-boxed elementor-section-height-default elementor-section-height-default\" data-id=\"bf55015\" data-element_type=\"section\" data-e-type=\"section\">\n\t\t\t\t\t\t<div class=\"elementor-container elementor-column-gap-default\">\n\t\t\t\t\t<div class=\"elementor-column elementor-col-100 elementor-top-column elementor-element elementor-element-c492455\" data-id=\"c492455\" data-element_type=\"column\" data-e-type=\"column\">\n\t\t\t<div class=\"elementor-widget-wrap elementor-element-populated\">\n\t\t\t\t\t\t<div class=\"elementor-element elementor-element-6d01fbf elementor-widget elementor-widget-tablepress-table\" data-id=\"6d01fbf\" data-element_type=\"widget\" data-e-type=\"widget\" data-widget_type=\"tablepress-table.default\">\n\t\t\t\t\t\n<table id=\"tablepress-1\" class=\"tablepress tablepress-id-1\">\n<thead>\n<tr class=\"row-1\">\n\t<th class=\"column-1\">Destinatario de los datos personales<\/th><th class=\"column-2\">Finalidad<\/th>\n<\/tr>\n<\/thead>\n<tbody class=\"row-striping row-hover\">\n<tr class=\"row-2\">\n\t<td class=\"column-1\">Empresas productoras y comercializadoras de materias primas, qu\u00edmicos, pl\u00e1sticos, cart\u00f3n, madera, hidrocarburos refinados, alimentos, bebidas, residuos, muebles, l\u00ednea blanca, electr\u00f3nica y juguetes. Empresas de servicios log\u00edsticos y de monitoreo satelital.<\/td><td class=\"column-2\">Coordinaci\u00f3n de las operaciones de nuestros servicios log\u00edsticos en territorio nacional y en el extranjero entre nuestros proveedores y clientes. Validar referencias comerciales y laborales.<\/td>\n<\/tr>\n<tr class=\"row-3\">\n\t<td class=\"column-1\">Instituto Mexicano del Seguro Social (IMSS), Instituto del Fondo Nacional de la Vivienda para los Trabajadores (INFONAVIT).<\/td><td class=\"column-2\">Inscripci\u00f3n y pago de las obligaciones patronales<\/td>\n<\/tr>\n<tr class=\"row-4\">\n\t<td class=\"column-1\">Entidades financieras.<\/td><td class=\"column-2\">Para realizar operaciones de transferencias, referencias financieras, gesti\u00f3n de factoraje y cr\u00e9dito.*<\/td>\n<\/tr>\n<tr class=\"row-5\">\n\t<td class=\"column-1\">Empresas y particulares referidos por el titular.<\/td><td class=\"column-2\">Validar referencias laborales y personales.*<\/td>\n<\/tr>\n<tr class=\"row-6\">\n\t<td class=\"column-1\">Empresas de mercadotecnia y publicidad.<\/td><td class=\"column-2\">Segmentaci\u00f3n de mercado, prospecci\u00f3n de clientes y difusi\u00f3n de servicios.*<\/td>\n<\/tr>\n<tr class=\"row-7\">\n\t<td class=\"column-1\">Despachos contables, legales y de cobranza.<\/td><td class=\"column-2\">Asesor\u00eda para que las operaciones se ejecuten en el marco de la legalidad jur\u00eddica, tributaria y para recuperaci\u00f3n de cartera.*<\/td>\n<\/tr>\n<\/tbody>\n<\/table>\n<!-- #tablepress-1 from cache -->\t\t\t\t<\/div>\n\t\t\t\t\t<\/div>\n\t\t<\/div>\n\t\t\t\t\t<\/div>\n\t\t<\/section>\n\t\t\t\t<section class=\"elementor-section elementor-top-section elementor-element elementor-element-99ef735 elementor-section-boxed elementor-section-height-default elementor-section-height-default\" data-id=\"99ef735\" data-element_type=\"section\" data-e-type=\"section\">\n\t\t\t\t\t\t<div class=\"elementor-container elementor-column-gap-default\">\n\t\t\t\t\t<div class=\"elementor-column elementor-col-100 elementor-top-column elementor-element elementor-element-6edc66b\" data-id=\"6edc66b\" data-element_type=\"column\" data-e-type=\"column\">\n\t\t\t<div class=\"elementor-widget-wrap elementor-element-populated\">\n\t\t\t\t\t\t<div class=\"elementor-element elementor-element-0df8e04 elementor-widget elementor-widget-text-editor\" data-id=\"0df8e04\" data-element_type=\"widget\" data-e-type=\"widget\" data-widget_type=\"text-editor.default\">\n\t\t\t\t<div class=\"elementor-widget-container\">\n\t\t\t\t\t\t\t\t\t<p>Le informamos que para las transferencias indicadas con un asterisco (*) requerimos obtener su consentimiento. Usted nos puede comunicar <strong>v\u00eda correo electr\u00f3nico a\u00a0<a href=\"mailto:encontactocon@drakaryz.com\">encontactocon@drakaryz.com<\/a> manifestando: <em>\u201cNo autorizo que mis datos personales\u00a0<\/em><em>sean compartidos con los siguientes terceros\u2026\u201d.<\/em><\/strong> Nos pondremos en contacto con usted para validar su solicitud y llevarla a cabo.<\/p>\n<p><span style=\"font-style: inherit; font-weight: inherit;\">Si usted no manifiesta su negativa para dichas transferencias, entenderemos que nos lo ha otorgado.<\/span><\/p>\n<p>\u00a0<\/p>\n<h5><strong><span style=\"font-style: inherit;\">\u00bfC\u00f3mo puede acceder, rectificar o cancelar sus datos personales, u oponerse a su uso?<\/span><\/strong><\/h5>\n<p><span style=\"font-style: inherit; font-weight: inherit;\">Usted tiene derecho a conocer qu\u00e9 datos personales tenemos de usted, para qu\u00e9 los utilizamos y las condiciones del uso que les damos (Acceso). Asimismo, es su derecho solicitar la correcci\u00f3n de su informaci\u00f3n personal en caso de que est\u00e9 desactualizada, sea inexacta o incompleta (Rectificaci\u00f3n); que la eliminemos de nuestros registros o bases de datos cuando considere que la misma no est\u00e1 siendo utilizada conforme a los principios, deberes y obligaciones previstas en la normativa (Cancelaci\u00f3n); as\u00ed como oponerse al uso de sus datos personales para fines espec\u00edficos (Oposici\u00f3n). Estos derechos se conocen como derechos ARCO. Para el ejercicio de cualquiera de los derechos ARCO, usted deber\u00e1 presentar la solicitud respectiva en v\u00eda correo electr\u00f3nico a\u00a0<a href=\"mailto:encontactocon@drakaryz.com\">encontactocon@drakaryz.com<\/a> adjuntando copia de una identificaci\u00f3n oficial, Drakaryz Log\u00edstica S. de R.L. de C.V. proceder\u00e1 a atender la solicitud para realizar la rectificaci\u00f3n, revocaci\u00f3n y\/o modificaci\u00f3n de los datos solicitados por el titular en un plazo de veinte d\u00edas posteriores a la fecha de presentaci\u00f3n de la respectiva solicitud. Una vez resuelta su solicitud procederemos a hacer de su conocimiento el sentido de la misma al correo electr\u00f3nico que usted nos proporcione para tales efectos. Para mayor informaci\u00f3n para ejercer sus derechos ARCO, usted puede consultar la Gu\u00eda para ejercer derechos ARCO del Comit\u00e9 de Transparencia del Senado de la Rep\u00fablica en: <a href=\"https:\/\/transparencia.senado.gob.mx\/documentos\/Guia_ejercer_derechos_ARCO.pdf\">https:\/\/transparencia.senado.gob.mx\/documentos\/Guia_ejercer_derechos_ARCO.pdf<\/a><\/span><\/p>\n<h5>\u00a0<\/h5>\n<h5><strong><span style=\"font-style: inherit;\">\u00bfC\u00f3mo puede revocar su consentimiento para el uso de sus datos personales?<\/span><\/strong><\/h5>\n<p><span style=\"font-style: inherit; font-weight: inherit;\">Usted puede revocar el consentimiento que, en su caso, nos haya otorgado para el tratamiento de sus datos personales. Sin embargo, es importante que tenga en cuenta que no en todos los casos podremos atender su solicitud o concluir el uso de forma inmediata, ya que es posible que por alguna obligaci\u00f3n legal requeriremos seguir tratando sus datos personales. Asimismo, usted deber\u00e1 considerar que para ciertos fines, la revocaci\u00f3n de su consentimiento implicar\u00e1 que no le podamos seguir prestando el servicio que nos solicit\u00f3, o la conclusi\u00f3n de su relaci\u00f3n con nosotros. Para revocar su consentimiento deber\u00e1 presentar su solicitud en\u00a0<a href=\"mailto:encontactocon@drakaryz.com\">encontactocon@drakaryz.com<\/a> adjuntando copia de una identificaci\u00f3n oficial. Para conocer el procedimiento y requisitos para la revocaci\u00f3n del consentimiento, usted podr\u00e1 llamar al siguiente n\u00famero telef\u00f3nico [+528129200036] con nuestro Departamento de Privacidad.<\/span><\/p>\n<p>\u00a0<\/p>\n<h5><strong><span style=\"font-style: inherit;\">\u00bfC\u00f3mo puede limitar el uso o divulgaci\u00f3n de su informaci\u00f3n personal?<\/span><\/strong><\/h5>\n<p>Con objeto de que usted pueda limitar el uso y divulgaci\u00f3n de su informaci\u00f3n personal, le ofrecemos los siguientes medios:<\/p>\n<ul>\n<li>Su inscripci\u00f3n en el Registro P\u00fablico para Evitar Publicidad, que est\u00e1 a cargo de la Procuradur\u00eda Federal del Consumidor, con la finalidad de que sus datos personales no sean utilizados para recibir publicidad o promociones de empresas de bienes o servicios. Para mayor informaci\u00f3n sobre este registro, usted puede consultar el portal de Internet de la PROFECO, o bien ponerse en contacto directo con \u00e9sta.<\/li>\n<li>Su registro en el listado de exclusi\u00f3n \u201cLISTA DE DIFUSI\u00d3N\u201d, a fin de que sus datos personales no sean tratados para fines mercadot\u00e9cnicos, publicitarios o de prospecci\u00f3n comercial por nuestra parte. Para mayor informaci\u00f3n llamar al n\u00famero telef\u00f3nico [8129200036], enviar un correo electr\u00f3nico a la siguiente direcci\u00f3n <a href=\"mailto:encontactocon@drakaryz.com\">encontactocon@drakaryz.com<\/a>, o bien, consultar nuestra p\u00e1gina de Internet <a href=\"https:\/\/drakaryz.com\/index.php\/aviso-de-privacidad-integral\/\">https:\/\/drakaryz.com\/index.php\/aviso-de-privacidad-integral\/<\/a><\/li>\n<\/ul>\n<h5><strong>El uso de tecnolog\u00edas de rastreo en nuestro portal de Internet.<\/strong><\/h5>\n<p>Le informamos que en nuestra p\u00e1gina de Internet utilizamos cookies, web beacons y otras tecnolog\u00edas a trav\u00e9s de las cuales es posible monitorear su comportamiento como usuario de Internet, as\u00ed como brindarle un mejor servicio y experiencia de usuario al navegar en nuestra p\u00e1gina. Los datos personales que obtenemos de estas tecnolog\u00edas de rastreo son los siguientes: horario de navegaci\u00f3n, tiempo de navegaci\u00f3n en nuestra p\u00e1gina de internet, secciones consultadas, y p\u00e1ginas de internet accedidas previo a la nuestra, mismos que utilizamos para saber c\u00f3mo lleg\u00f3 a nuestro sitio web, cu\u00e1les de nuestras secciones gener\u00f3 m\u00e1s inter\u00e9s y as\u00ed ofrecerle nuestros servicios. Asimismo, le informamos que compartiremos estos datos con:<\/p>\t\t\t\t\t\t\t\t<\/div>\n\t\t\t\t<\/div>\n\t\t\t\t\t<\/div>\n\t\t<\/div>\n\t\t\t\t\t<\/div>\n\t\t<\/section>\n\t\t\t\t<section class=\"elementor-section elementor-top-section elementor-element elementor-element-ef2e298 elementor-section-boxed elementor-section-height-default elementor-section-height-default\" data-id=\"ef2e298\" data-element_type=\"section\" data-e-type=\"section\">\n\t\t\t\t\t\t<div class=\"elementor-container elementor-column-gap-default\">\n\t\t\t\t\t<div class=\"elementor-column elementor-col-100 elementor-top-column elementor-element elementor-element-387a970\" data-id=\"387a970\" data-element_type=\"column\" data-e-type=\"column\">\n\t\t\t<div class=\"elementor-widget-wrap elementor-element-populated\">\n\t\t\t\t\t\t<div class=\"elementor-element elementor-element-cef34ae elementor-widget elementor-widget-tablepress-table\" data-id=\"cef34ae\" data-element_type=\"widget\" data-e-type=\"widget\" data-widget_type=\"tablepress-table.default\">\n\t\t\t\t\t\n<table id=\"tablepress-2\" class=\"tablepress tablepress-id-2\">\n<thead>\n<tr class=\"row-1\">\n\t<th class=\"column-1\">Destinatario de los datos personales<\/th><th class=\"column-2\">Finalidad<\/th>\n<\/tr>\n<\/thead>\n<tbody class=\"row-striping row-hover\">\n<tr class=\"row-2\">\n\t<td class=\"column-1\">Empresas de mercadotecnia y publicidad<\/td><td class=\"column-2\">Perfilamiento y prospecci\u00f3n de clientes.<\/td>\n<\/tr>\n<\/tbody>\n<\/table>\n<!-- #tablepress-2 from cache -->\t\t\t\t<\/div>\n\t\t\t\t\t<\/div>\n\t\t<\/div>\n\t\t\t\t\t<\/div>\n\t\t<\/section>\n\t\t\t\t<section class=\"elementor-section elementor-top-section elementor-element elementor-element-9785cd4 elementor-section-boxed elementor-section-height-default elementor-section-height-default\" data-id=\"9785cd4\" data-element_type=\"section\" data-e-type=\"section\">\n\t\t\t\t\t\t<div class=\"elementor-container elementor-column-gap-default\">\n\t\t\t\t\t<div class=\"elementor-column elementor-col-100 elementor-top-column elementor-element elementor-element-e76aad3\" data-id=\"e76aad3\" data-element_type=\"column\" data-e-type=\"column\">\n\t\t\t<div class=\"elementor-widget-wrap elementor-element-populated\">\n\t\t\t\t\t\t<div class=\"elementor-element elementor-element-c14f490 elementor-widget elementor-widget-text-editor\" data-id=\"c14f490\" data-element_type=\"widget\" data-e-type=\"widget\" data-widget_type=\"text-editor.default\">\n\t\t\t\t<div class=\"elementor-widget-container\">\n\t\t\t\t\t\t\t\t\t<p>\u00a0<\/p>\n<p>Estas tecnolog\u00edas podr\u00e1n deshabilitarse siguiendo los siguientes pasos:<\/p>\n<p>\u00a0<\/p>\n<ol>\n<li>Acceder a nuestra p\u00e1gina de Internet, secci\u00f3n \u201cT\u00e9rminos y condiciones del sitio\u201d, subsecci\u00f3n \u201cCookies\u201d;<\/li>\n<li>Dar clic en la subsecci\u00f3n \u201cCookies\u201d;<\/li>\n<li>Leer el mensaje de advertencia sobre la deshabilitaci\u00f3n de cookies, y<\/li>\n<li>Dar clic en la leyenda de activar el mecanismo de deshabilitaci\u00f3n de cookies.<\/li>\n<\/ol>\n<p>\u00a0<\/p>\n<h5><strong>\u00bfC\u00f3mo puede conocer los cambios a este aviso de privacidad?<\/strong><\/h5>\n<p>El presente aviso de privacidad puede sufrir modificaciones, cambios o actualizaciones derivadas de nuevos requerimientos legales; de nuestras propias necesidades por los productos o servicios que ofrecemos; de nuestras pr\u00e1cticas de privacidad; de cambios en nuestro modelo de negocio, o por otras causas. Nos comprometemos a mantenerlo informado sobre los cambios que pueda sufrir el presente aviso de privacidad, a trav\u00e9s de nuestro sitio web\u00a0<a href=\"https:\/\/drakaryz.com\/index.php\/aviso-de-privacidad-integral\/\">https:\/\/drakaryz.com\/index.php\/aviso-de-privacidad-integral\/<\/a><\/p>\n<p>\u00a0<\/p>\n<p>\u00daltima actualizaci\u00f3n <strong>[01\/Enero\/2022].<\/strong><\/p>\t\t\t\t\t\t\t\t<\/div>\n\t\t\t\t<\/div>\n\t\t\t\t\t<\/div>\n\t\t<\/div>\n\t\t\t\t\t<\/div>\n\t\t<\/section>\n\t\t\t\t<section class=\"elementor-section elementor-top-section elementor-element elementor-element-e39f94f elementor-section-boxed elementor-section-height-default elementor-section-height-default\" data-id=\"e39f94f\" data-element_type=\"section\" data-e-type=\"section\">\n\t\t\t\t\t\t<div class=\"elementor-container elementor-column-gap-default\">\n\t\t\t\t\t<div class=\"elementor-column elementor-col-100 elementor-top-column elementor-element elementor-element-4018d91\" data-id=\"4018d91\" data-element_type=\"column\" data-e-type=\"column\">\n\t\t\t<div class=\"elementor-widget-wrap elementor-element-populated\">\n\t\t\t\t\t\t<div class=\"elementor-element elementor-element-7146358 elementor-button-info elementor-widget__width-initial elementor-widget elementor-widget-button\" data-id=\"7146358\" data-element_type=\"widget\" data-e-type=\"widget\" data-widget_type=\"button.default\">\n\t\t\t\t<div class=\"elementor-widget-container\">\n\t\t\t\t\t\t\t\t\t<div class=\"elementor-button-wrapper\">\n\t\t\t\t\t<a class=\"elementor-button elementor-button-link elementor-size-sm\" href=\"http:\/\/drakaryz.com\/wp-content\/uploads\/2025\/07\/Aviso-de-Privacidad-Integral-DKZ.pdf\">\n\t\t\t\t\t\t<span class=\"elementor-button-content-wrapper\">\n\t\t\t\t\t\t\t\t\t<span class=\"elementor-button-text\">Descargar PDF<\/span>\n\t\t\t\t\t<\/span>\n\t\t\t\t\t<\/a>\n\t\t\t\t<\/div>\n\t\t\t\t\t\t\t\t<\/div>\n\t\t\t\t<\/div>\n\t\t\t\t\t<\/div>\n\t\t<\/div>\n\t\t\t\t\t<\/div>\n\t\t<\/section>\n\t\t\t\t<\/div>\n\t\t","protected":false},"excerpt":{"rendered":"<p>\\n AVISO DE PRIVACIDAD INTEGRAL \\n \\n \\n \\n \\n AVISO DE PRIVACIDAD INTEGRAL \\n Drakaryz Log\u00edstica S. de R. L. de C.V., con domicilio en Calle Santa Ana 107-A, Parque Real de Loreto, en el municipio de Pesquer\u00eda, Nuevo Le\u00f3n, C.P. 66650, es el responsable del uso y protecci\u00f3n de sus datos personales, y [&hellip;]<\/p>\n","protected":false},"author":1,"featured_media":0,"parent":0,"menu_order":0,"comment_status":"closed","ping_status":"closed","template":"","meta":{"om_disable_all_campaigns":false,"_monsterinsights_skip_tracking":false,"_monsterinsights_sitenote_active":false,"_monsterinsights_sitenote_note":"","_monsterinsights_sitenote_category":0,"site-sidebar-layout":"no-sidebar","site-content-layout":"page-builder","ast-site-content-layout":"full-width-container","site-content-style":"unboxed","site-sidebar-style":"unboxed","ast-global-header-display":"","ast-banner-title-visibility":"","ast-main-header-display":"","ast-hfb-above-header-display":"","ast-hfb-below-header-display":"","ast-hfb-mobile-header-display":"","site-post-title":"disabled","ast-breadcrumbs-content":"","ast-featured-img":"disabled","footer-sml-layout":"","ast-disable-related-posts":"","theme-transparent-header-meta":"","adv-header-id-meta":"","stick-header-meta":"","header-above-stick-meta":"","header-main-stick-meta":"","header-below-stick-meta":"","astra-migrate-meta-layouts":"set","ast-page-background-enabled":"default","ast-page-background-meta":{"desktop":{"background-color":"","background-image":"","background-repeat":"repeat","background-position":"center center","background-size":"auto","background-attachment":"scroll","background-type":"","background-media":"","overlay-type":"","overlay-color":"","overlay-opacity":"","overlay-gradient":""},"tablet":{"background-color":"","background-image":"","background-repeat":"repeat","background-position":"center center","background-size":"auto","background-attachment":"scroll","background-type":"","background-media":"","overlay-type":"","overlay-color":"","overlay-opacity":"","overlay-gradient":""},"mobile":{"background-color":"","background-image":"","background-repeat":"repeat","background-position":"center center","background-size":"auto","background-attachment":"scroll","background-type":"","background-media":"","overlay-type":"","overlay-color":"","overlay-opacity":"","overlay-gradient":""}},"ast-content-background-meta":{"desktop":{"background-color":"var(--ast-global-color-5)","background-image":"","background-repeat":"repeat","background-position":"center center","background-size":"auto","background-attachment":"scroll","background-type":"","background-media":"","overlay-type":"","overlay-color":"","overlay-opacity":"","overlay-gradient":""},"tablet":{"background-color":"var(--ast-global-color-5)","background-image":"","background-repeat":"repeat","background-position":"center center","background-size":"auto","background-attachment":"scroll","background-type":"","background-media":"","overlay-type":"","overlay-color":"","overlay-opacity":"","overlay-gradient":""},"mobile":{"background-color":"var(--ast-global-color-5)","background-image":"","background-repeat":"repeat","background-position":"center center","background-size":"auto","background-attachment":"scroll","background-type":"","background-media":"","overlay-type":"","overlay-color":"","overlay-opacity":"","overlay-gradient":""}},"footnotes":""},"class_list":["post-706","page","type-page","status-publish","hentry"],"aioseo_notices":[],"_links":{"self":[{"href":"https:\/\/drakaryz.com\/index.php\/wp-json\/wp\/v2\/pages\/706","targetHints":{"allow":["GET"]}}],"collection":[{"href":"https:\/\/drakaryz.com\/index.php\/wp-json\/wp\/v2\/pages"}],"about":[{"href":"https:\/\/drakaryz.com\/index.php\/wp-json\/wp\/v2\/types\/page"}],"author":[{"embeddable":true,"href":"https:\/\/drakaryz.com\/index.php\/wp-json\/wp\/v2\/users\/1"}],"replies":[{"embeddable":true,"href":"https:\/\/drakaryz.com\/index.php\/wp-json\/wp\/v2\/comments?post=706"}],"version-history":[{"count":22,"href":"https:\/\/drakaryz.com\/index.php\/wp-json\/wp\/v2\/pages\/706\/revisions"}],"predecessor-version":[{"id":787,"href":"https:\/\/drakaryz.com\/index.php\/wp-json\/wp\/v2\/pages\/706\/revisions\/787"}],"wp:attachment":[{"href":"https:\/\/drakaryz.com\/index.php\/wp-json\/wp\/v2\/media?parent=706"}],"curies":[{"name":"wp","href":"https:\/\/api.w.org\/{rel}","templated":true}]}}